{"id":225,"date":"2024-12-07T08:39:21","date_gmt":"2024-12-07T08:39:21","guid":{"rendered":"https:\/\/carcharger24.com\/page\/?page_id=225"},"modified":"2024-12-07T13:07:55","modified_gmt":"2024-12-07T13:07:55","slug":"cc-chargerstation","status":"publish","type":"page","link":"https:\/\/carcharger24.com\/page\/?page_id=225","title":{"rendered":"cc.ChargerStation"},"content":{"rendered":"\n<p>Stacja \u0141adowania o zmiennej mocy \u0142adowania (do 7kW\/do 22kW). Unikaln\u0105 funkcjonalno\u015bci\u0105 (w wersji rozszerzonej) jest mo\u017cliwo\u015b\u0107 zarz\u0105dzania i elementami obwod\u00f3w elektrycznych (np. sterownik\u00f3w o\u015bwietleniowych, innych \u0142adowarek) i balansowanie parametrami pracy element\u00f3w w celu zabezpieczenia si\u0119 przed przeci\u0105\u017ceniem \u0142\u0105cza. Funkcjonalno\u015b\u0107 ta powoduje, \u017ce instalacja stacji jest mo\u017cliwa na istniej\u0105cych ju\u017c przy\u0142\u0105czach (w tym o\u015bwietleniowych). <\/p>\n\n\n\n<div class=\"wp-block-image\"><figure class=\"aligncenter size-full is-resized\"><img loading=\"lazy\" src=\"https:\/\/carcharger24.com\/page\/wp-content\/uploads\/2024\/12\/image-2.png\" alt=\"\" class=\"wp-image-228\" width=\"464\" height=\"361\" srcset=\"https:\/\/carcharger24.com\/page\/wp-content\/uploads\/2024\/12\/image-2.png 360w, https:\/\/carcharger24.com\/page\/wp-content\/uploads\/2024\/12\/image-2-300x233.png 300w\" sizes=\"(max-width: 464px) 100vw, 464px\" \/><\/figure><\/div>\n\n\n\n<p>\u0141adowarka mo\u017ce pracowa\u0107 w kilku trybach<\/p>\n\n\n\n<ul><li><strong>prywatny<\/strong> \u2013 \u0142adowarka do u\u017cytku personalnego. Wy\u0142\u0105czona autoryzacja pozwala na wygod\u0119 stosowania, jednocze\u015bnie \u0142adowarka mo\u017ce zosta\u0107 w\u0142\u0105czona w konto firmowe. W takim przypadku mo\u017cliwe jest rozliczanie koszt\u00f3w u\u017cytkowania\/\u0142adowania samochodu firmowego i zwrot koszt\u00f3w.<\/li><li><strong>tryb osiedla\/firmy<\/strong> \u2013 dost\u0119p dla zamkni\u0119tej grupy os\u00f3b z organizacji. Autoryzacja przez aplikacje lub kart\u0119 NFC. Mo\u017cliwo\u015b\u0107 definiowania r\u00f3\u017cnych polityk korzystania z \u0142adowarek firmowych (za darmo, do okre\u015blonej kwoty, prepaid lub postpaid), jak i publicznych (prepaid, postpaid).<\/li><li><strong>publiczny<\/strong> \u2013 udost\u0119pniona publicznie. W tym trybie u\u017cytkownik zewn\u0119trzny ma dost\u0119p do us\u0142ugi \u0142adowania samochodu. W\u0142a\u015bciciel okre\u015bla cennik i strategie wykorzystania \u0142adowarki w celu czerpania zysk\u00f3w. \u0141adowarka ta mo\u017ce r\u00f3wnie\u017c zosta\u0107 udost\u0119pniona za darmo wybranej grupie os\u00f3b.<\/li><\/ul>\n\n\n\n<p>\u0141adowarka umo\u017cliwia \u0142adowania w trybie anonimowym, w oparciu o p\u0142atno\u015bci elektroniczne.<\/p>\n\n\n\n<p><\/p>\n\n\n\n<p><strong>Zalety wersji podstawowej:<\/strong><\/p>\n\n\n\n<ul><li>mo\u017cliwo\u015b\u0107 instalacji na infrastrukturze o\u015bwietleniowej (ograniczenie koszt\u00f3w budowy nowego przy\u0142\u0105cza),<\/li><li>monitoring pracy \u0142adowarki,<\/li><li>mo\u017cliwo\u015b\u0107 udost\u0119pnianie i rozliczania wybranej grupy os\u00f3b, na poziomie pojedynczej \u0142adowarki jak i grupy \u0142adowarek,<\/li><li>dedykowana aplikacja pozwalaj\u0105ca monitorowa\u0107 i zarz\u0105dza\u0107 \u0142adowarkami,<\/li><li>dedykowana aplikacja pozwalaj\u0105ca na wykup us\u0142ugi \u0142adowania,<\/li><li>niski koszt w wersji podstawowej i mo\u017cliwo\u015b\u0107 wyboru wersji z mo\u017cliwo\u015bci\u0105 p\u00f3\u017aniejszego \u201eupgradu\u201d,<\/li><li>API i mo\u017cliwo\u015b\u0107 komunikacji z zewn\u0119trznymi dostawcami,<\/li><li>komunikacja GSM albo WiFi, opcjonalnie modu\u0142 dzia\u0142aj\u0105cy bez komunikacji.<\/li><\/ul>\n\n\n\n<p><strong>Zalety wersji rozszerzonej:<\/strong><\/p>\n\n\n\n<ul><li>balansowanie moc\u0105 \u0142adowarek pracuj\u0105cych na tym samym \u0142\u0105czu,<\/li><li>udost\u0119pnienie mo\u017cliwo\u015bci korzystania przez u\u017cytkownika anonimowego (p\u0142atno\u015bci DOT.PAY)<\/li><li>w przypadku integracji ze sterownikiem mo\u017cliwo\u015b\u0107 podgl\u0105du miejsca \u0142adowania i rezerwacji miejsca<\/li><li>tworzenie polityki cenowej<\/li><li>konta LA (large account) \u2013 kilka poziom\u00f3w hierarchii, dla ka\u017cdego poziomy r\u00f3\u017cny model p\u0142atno\u015bci, r\u00f3\u017cne konta bilingowe, r\u00f3\u017cne funkcje upust\u00f3w<\/li><\/ul>\n\n\n\n<p><\/p>\n\n\n\n<p><a href=\"https:\/\/carcharger24.com\/page\/?page_id=222\">Zapoznaj si\u0119 z naszymi innymi rozwi\u0105zaniami &#8230;.<\/a><\/p>\n\n\n\n<p><\/p>\n\n\n\n<p><\/p>\n\n\n\n<figure class=\"wp-block-image size-large\"><img loading=\"lazy\" width=\"1024\" height=\"146\" src=\"https:\/\/carcharger24.com\/page\/wp-content\/uploads\/2024\/06\/FEPW_RP_UE_RGB-1-1024x146.jpg\" alt=\"\" class=\"wp-image-102\" srcset=\"https:\/\/carcharger24.com\/page\/wp-content\/uploads\/2024\/06\/FEPW_RP_UE_RGB-1-1024x146.jpg 1024w, https:\/\/carcharger24.com\/page\/wp-content\/uploads\/2024\/06\/FEPW_RP_UE_RGB-1-300x43.jpg 300w, https:\/\/carcharger24.com\/page\/wp-content\/uploads\/2024\/06\/FEPW_RP_UE_RGB-1-768x110.jpg 768w, https:\/\/carcharger24.com\/page\/wp-content\/uploads\/2024\/06\/FEPW_RP_UE_RGB-1-1536x219.jpg 1536w, https:\/\/carcharger24.com\/page\/wp-content\/uploads\/2024\/06\/FEPW_RP_UE_RGB-1-2048x292.jpg 2048w\" sizes=\"(max-width: 1024px) 100vw, 1024px\" \/><\/figure>\n","protected":false},"excerpt":{"rendered":"<p>Stacja \u0141adowania o zmiennej mocy \u0142adowania (do 7kW\/do 22kW). Unikaln\u0105 funkcjonalno\u015bci\u0105 (w wersji rozszerzonej) jest mo\u017cliwo\u015b\u0107 zarz\u0105dzania i elementami obwod\u00f3w elektrycznych (np. sterownik\u00f3w o\u015bwietleniowych, innych \u0142adowarek) i balansowanie parametrami pracy element\u00f3w w celu zabezpieczenia si\u0119 przed przeci\u0105\u017ceniem \u0142\u0105cza. Funkcjonalno\u015b\u0107 ta powoduje, \u017ce instalacja stacji jest mo\u017cliwa na istniej\u0105cych ju\u017c przy\u0142\u0105czach (w tym o\u015bwietleniowych). \u0141adowarka mo\u017ce<a class=\"read-more\" href=\"https:\/\/carcharger24.com\/page\/?page_id=225\"><br \/>-> Continue reading<span class=\"screen-reader-text\">  cc.ChargerStation<\/span><\/a><\/p>\n","protected":false},"author":1,"featured_media":0,"parent":222,"menu_order":0,"comment_status":"closed","ping_status":"closed","template":"","meta":[],"_links":{"self":[{"href":"https:\/\/carcharger24.com\/page\/index.php?rest_route=\/wp\/v2\/pages\/225"}],"collection":[{"href":"https:\/\/carcharger24.com\/page\/index.php?rest_route=\/wp\/v2\/pages"}],"about":[{"href":"https:\/\/carcharger24.com\/page\/index.php?rest_route=\/wp\/v2\/types\/page"}],"author":[{"embeddable":true,"href":"https:\/\/carcharger24.com\/page\/index.php?rest_route=\/wp\/v2\/users\/1"}],"replies":[{"embeddable":true,"href":"https:\/\/carcharger24.com\/page\/index.php?rest_route=%2Fwp%2Fv2%2Fcomments&post=225"}],"version-history":[{"count":4,"href":"https:\/\/carcharger24.com\/page\/index.php?rest_route=\/wp\/v2\/pages\/225\/revisions"}],"predecessor-version":[{"id":376,"href":"https:\/\/carcharger24.com\/page\/index.php?rest_route=\/wp\/v2\/pages\/225\/revisions\/376"}],"up":[{"embeddable":true,"href":"https:\/\/carcharger24.com\/page\/index.php?rest_route=\/wp\/v2\/pages\/222"}],"wp:attachment":[{"href":"https:\/\/carcharger24.com\/page\/index.php?rest_route=%2Fwp%2Fv2%2Fmedia&parent=225"}],"curies":[{"name":"wp","href":"https:\/\/api.w.org\/{rel}","templated":true}]}}