{"id":244,"date":"2024-12-07T08:51:47","date_gmt":"2024-12-07T08:51:47","guid":{"rendered":"https:\/\/carcharger24.com\/page\/?page_id=244"},"modified":"2024-12-07T13:08:49","modified_gmt":"2024-12-07T13:08:49","slug":"cc-smartapp","status":"publish","type":"page","link":"https:\/\/carcharger24.com\/page\/?page_id=244","title":{"rendered":"cc.SmartApp\u00a0"},"content":{"rendered":"\n<p>cc.SmartApp &#8211; platforma dost\u0119powa dla u\u017cytkownik\u00f3w zewn\u0119trznych.<\/p>\n\n\n\n<p>Aplikacja pozwala na zarz\u0105dzanie infrastruktur\u0105 \u0142adowarek oraz generowanie rozlicze\u0144, tworzeniem kont i przypisywaniem kart NFC.<\/p>\n\n\n\n<figure class=\"wp-block-image size-full\"><img loading=\"lazy\" width=\"840\" height=\"366\" src=\"https:\/\/carcharger24.com\/page\/wp-content\/uploads\/2024\/12\/image-10.png\" alt=\"\" class=\"wp-image-245\" srcset=\"https:\/\/carcharger24.com\/page\/wp-content\/uploads\/2024\/12\/image-10.png 840w, https:\/\/carcharger24.com\/page\/wp-content\/uploads\/2024\/12\/image-10-300x131.png 300w, https:\/\/carcharger24.com\/page\/wp-content\/uploads\/2024\/12\/image-10-768x335.png 768w\" sizes=\"(max-width: 840px) 100vw, 840px\" \/><\/figure>\n\n\n\n<p><\/p>\n\n\n\n<p><strong>Podstawowa funkcjonalno\u015b\u0107:<\/strong><\/p>\n\n\n\n<ul><li>zarz\u0105dzanie u\u017cytkownikami<\/li><li>zarz\u0105dzanie dost\u0119pem do \u0142adowarek<\/li><li>zarz\u0105dzanie oprawami<\/li><li>przegl\u0105danie wykorzystania \u0142adowarek<\/li><li>przegl\u0105danie w\u0142asnych sesji \u0142adowania<\/li><li>definiowanie cennik\u00f3w (wersja rozszerzona)<\/li><li>pobieranie faktur<\/li><\/ul>\n\n\n\n<p><a href=\"https:\/\/carcharger24.com\/page\/?page_id=222\"> Zapoznaj si\u0119 z naszymi innymi rozwi\u0105zaniami &#8230;.<\/a><\/p>\n\n\n\n<p><\/p>\n\n\n\n<figure class=\"wp-block-image size-large\"><img loading=\"lazy\" width=\"1024\" height=\"146\" src=\"https:\/\/carcharger24.com\/page\/wp-content\/uploads\/2024\/06\/FEPW_RP_UE_RGB-1-1024x146.jpg\" alt=\"\" class=\"wp-image-102\" srcset=\"https:\/\/carcharger24.com\/page\/wp-content\/uploads\/2024\/06\/FEPW_RP_UE_RGB-1-1024x146.jpg 1024w, https:\/\/carcharger24.com\/page\/wp-content\/uploads\/2024\/06\/FEPW_RP_UE_RGB-1-300x43.jpg 300w, https:\/\/carcharger24.com\/page\/wp-content\/uploads\/2024\/06\/FEPW_RP_UE_RGB-1-768x110.jpg 768w, https:\/\/carcharger24.com\/page\/wp-content\/uploads\/2024\/06\/FEPW_RP_UE_RGB-1-1536x219.jpg 1536w, https:\/\/carcharger24.com\/page\/wp-content\/uploads\/2024\/06\/FEPW_RP_UE_RGB-1-2048x292.jpg 2048w\" sizes=\"(max-width: 1024px) 100vw, 1024px\" \/><\/figure>\n","protected":false},"excerpt":{"rendered":"<p>cc.SmartApp &#8211; platforma dost\u0119powa dla u\u017cytkownik\u00f3w zewn\u0119trznych. Aplikacja pozwala na zarz\u0105dzanie infrastruktur\u0105 \u0142adowarek oraz generowanie rozlicze\u0144, tworzeniem kont i przypisywaniem kart NFC. Podstawowa funkcjonalno\u015b\u0107: zarz\u0105dzanie u\u017cytkownikami zarz\u0105dzanie dost\u0119pem do \u0142adowarek zarz\u0105dzanie oprawami przegl\u0105danie wykorzystania \u0142adowarek przegl\u0105danie w\u0142asnych sesji \u0142adowania definiowanie cennik\u00f3w (wersja rozszerzona) pobieranie faktur Zapoznaj si\u0119 z naszymi innymi rozwi\u0105zaniami &#8230;.<\/p>\n","protected":false},"author":1,"featured_media":0,"parent":222,"menu_order":0,"comment_status":"closed","ping_status":"closed","template":"","meta":[],"_links":{"self":[{"href":"https:\/\/carcharger24.com\/page\/index.php?rest_route=\/wp\/v2\/pages\/244"}],"collection":[{"href":"https:\/\/carcharger24.com\/page\/index.php?rest_route=\/wp\/v2\/pages"}],"about":[{"href":"https:\/\/carcharger24.com\/page\/index.php?rest_route=\/wp\/v2\/types\/page"}],"author":[{"embeddable":true,"href":"https:\/\/carcharger24.com\/page\/index.php?rest_route=\/wp\/v2\/users\/1"}],"replies":[{"embeddable":true,"href":"https:\/\/carcharger24.com\/page\/index.php?rest_route=%2Fwp%2Fv2%2Fcomments&post=244"}],"version-history":[{"count":3,"href":"https:\/\/carcharger24.com\/page\/index.php?rest_route=\/wp\/v2\/pages\/244\/revisions"}],"predecessor-version":[{"id":378,"href":"https:\/\/carcharger24.com\/page\/index.php?rest_route=\/wp\/v2\/pages\/244\/revisions\/378"}],"up":[{"embeddable":true,"href":"https:\/\/carcharger24.com\/page\/index.php?rest_route=\/wp\/v2\/pages\/222"}],"wp:attachment":[{"href":"https:\/\/carcharger24.com\/page\/index.php?rest_route=%2Fwp%2Fv2%2Fmedia&parent=244"}],"curies":[{"name":"wp","href":"https:\/\/api.w.org\/{rel}","templated":true}]}}