{"id":247,"date":"2024-12-07T09:00:24","date_gmt":"2024-12-07T09:00:24","guid":{"rendered":"https:\/\/carcharger24.com\/page\/?page_id=247"},"modified":"2024-12-07T13:04:17","modified_gmt":"2024-12-07T13:04:17","slug":"materialy-informacyjne","status":"publish","type":"page","link":"https:\/\/carcharger24.com\/page\/?page_id=247","title":{"rendered":"Materia\u0142y informacyjne"},"content":{"rendered":"\n<p>Je\u015bli jeste\u015b ciekawy i chcia\u0142by\u015b si\u0119 czego\u015b wi\u0119cej dowiedzie\u0107 o produktach. Poni\u017cej zamieszczamy materia\u0142y reklamowe, oraz filmy promocyjne.<\/p>\n\n\n\n<p>Materia\u0142y informacyjne:<\/p>\n\n\n\n<p><\/p>\n\n\n\n<ul><li><a href=\"https:\/\/carcharger24.com\/page\/wp-content\/uploads\/2024\/12\/CC24-01-ccCharger-01-v02.pdf\">cc.ChargerStation &#8211; unikalna stacja \u0142adowania<\/a><\/li><li><a href=\"https:\/\/carcharger24.com\/page\/wp-content\/uploads\/2024\/12\/CC24-02-ccLControler-01-v01.pdf\">cc.LControler  &#8211; kontroler o\u015bwietlenia<\/a><\/li><li><a href=\"https:\/\/carcharger24.com\/page\/wp-content\/uploads\/2024\/12\/CC24-03-ccSmartService-01-v01.pdf\">cc.SmartService &#8211; us\u0142ugi dodane<\/a> <\/li><li><a href=\"https:\/\/carcharger24.com\/page\/wp-content\/uploads\/2024\/12\/CC24-04-ccSmartApp-01-v001.pdf\">cc.SmartApp &#8211; platforma do zarz\u0105dzania stacjami \u0142adowania<\/a><\/li><li><a href=\"https:\/\/carcharger24.com\/page\/wp-content\/uploads\/2024\/12\/CC24-05-ccYourOffer-01-v01.pdf\">cc.YourOffer &#8211; platforma do komercjalizacji Twojej stacji<\/a><\/li><\/ul>\n\n\n\n<p>Je\u015bli co\u015b Cie zainteresowa\u0142o. <br><strong><a href=\"https:\/\/carcharger24.com\/page\/#contact\">Skontaktuj si\u0119 z nami ju\u017c dzi\u015b i do\u0142\u0105cz do przysz\u0142o\u015bci elektromobilno\u015bci!<\/a><\/strong><\/p>\n\n\n\n<p><\/p>\n\n\n\n<figure class=\"wp-block-image size-large\"><img loading=\"lazy\" width=\"1024\" height=\"146\" src=\"https:\/\/carcharger24.com\/page\/wp-content\/uploads\/2024\/06\/FEPW_RP_UE_RGB-1-1024x146.jpg\" alt=\"\" class=\"wp-image-102\" srcset=\"https:\/\/carcharger24.com\/page\/wp-content\/uploads\/2024\/06\/FEPW_RP_UE_RGB-1-1024x146.jpg 1024w, https:\/\/carcharger24.com\/page\/wp-content\/uploads\/2024\/06\/FEPW_RP_UE_RGB-1-300x43.jpg 300w, https:\/\/carcharger24.com\/page\/wp-content\/uploads\/2024\/06\/FEPW_RP_UE_RGB-1-768x110.jpg 768w, https:\/\/carcharger24.com\/page\/wp-content\/uploads\/2024\/06\/FEPW_RP_UE_RGB-1-1536x219.jpg 1536w, https:\/\/carcharger24.com\/page\/wp-content\/uploads\/2024\/06\/FEPW_RP_UE_RGB-1-2048x292.jpg 2048w\" sizes=\"(max-width: 1024px) 100vw, 1024px\" \/><\/figure>\n\n\n\n<p><\/p>\n","protected":false},"excerpt":{"rendered":"<p>Je\u015bli jeste\u015b ciekawy i chcia\u0142by\u015b si\u0119 czego\u015b wi\u0119cej dowiedzie\u0107 o produktach. Poni\u017cej zamieszczamy materia\u0142y reklamowe, oraz filmy promocyjne. Materia\u0142y informacyjne: cc.ChargerStation &#8211; unikalna stacja \u0142adowania cc.LControler &#8211; kontroler o\u015bwietlenia cc.SmartService &#8211; us\u0142ugi dodane cc.SmartApp &#8211; platforma do zarz\u0105dzania stacjami \u0142adowania cc.YourOffer &#8211; platforma do komercjalizacji Twojej stacji Je\u015bli co\u015b Cie zainteresowa\u0142o. Skontaktuj si\u0119 z nami<a class=\"read-more\" href=\"https:\/\/carcharger24.com\/page\/?page_id=247\"><br \/>-> Continue reading<span class=\"screen-reader-text\">  Materia\u0142y informacyjne<\/span><\/a><\/p>\n","protected":false},"author":1,"featured_media":0,"parent":222,"menu_order":0,"comment_status":"closed","ping_status":"closed","template":"","meta":[],"_links":{"self":[{"href":"https:\/\/carcharger24.com\/page\/index.php?rest_route=\/wp\/v2\/pages\/247"}],"collection":[{"href":"https:\/\/carcharger24.com\/page\/index.php?rest_route=\/wp\/v2\/pages"}],"about":[{"href":"https:\/\/carcharger24.com\/page\/index.php?rest_route=\/wp\/v2\/types\/page"}],"author":[{"embeddable":true,"href":"https:\/\/carcharger24.com\/page\/index.php?rest_route=\/wp\/v2\/users\/1"}],"replies":[{"embeddable":true,"href":"https:\/\/carcharger24.com\/page\/index.php?rest_route=%2Fwp%2Fv2%2Fcomments&post=247"}],"version-history":[{"count":6,"href":"https:\/\/carcharger24.com\/page\/index.php?rest_route=\/wp\/v2\/pages\/247\/revisions"}],"predecessor-version":[{"id":374,"href":"https:\/\/carcharger24.com\/page\/index.php?rest_route=\/wp\/v2\/pages\/247\/revisions\/374"}],"up":[{"embeddable":true,"href":"https:\/\/carcharger24.com\/page\/index.php?rest_route=\/wp\/v2\/pages\/222"}],"wp:attachment":[{"href":"https:\/\/carcharger24.com\/page\/index.php?rest_route=%2Fwp%2Fv2%2Fmedia&parent=247"}],"curies":[{"name":"wp","href":"https:\/\/api.w.org\/{rel}","templated":true}]}}