{"id":39,"date":"2022-02-12T09:05:04","date_gmt":"2022-02-12T09:05:04","guid":{"rendered":"https:\/\/carcharger24.com\/page\/?page_id=39"},"modified":"2024-07-01T15:48:45","modified_gmt":"2024-07-01T15:48:45","slug":"aktualnie-poszukujemy","status":"publish","type":"page","link":"https:\/\/carcharger24.com\/page\/?page_id=39","title":{"rendered":"Aktualnie poszukujemy"},"content":{"rendered":"\n<p>W zwi\u0105zku z realizacj\u0105 projektu <em>pt: \u201e<strong>Platforma z\u0142o\u017cona ze stacji \u0142adowania samochod\u00f3w, sterownik\u00f3w o\u015bwietleniowych i kamery, dostosowuj\u0105ca moc \u0142adowania do potrzeb u\u017cytkownika i wykorzystuj\u0105ca w spos\u00f3b optymalny istniej\u0105ce przy\u0142\u0105cze energetyczne na podstawie algorytm\u00f3w predykcji i metryk ilo\u015bciowych pozyskanych z kamery, w oparciu o algorytmy sztucznej inteligencji<\/strong>\u201d oraz w ramach programu Fundusze Europejskie dla Polski Wschodniej 2021-2027, Priorytet FEPW.01 Przedsi\u0119biorczo\u015b\u0107 i Innowacje, Dzia\u0142anie FEPW.01.01 Platformy startowe dla nowych pomys\u0142\u00f3w. Komponent IIa \u2013 Wsparcie rozwoju dzia\u0142alno\u015bci gospodarczej startupu, nr Umowy <strong>FEPW.01.01-IP.01-0041\/23<\/strong>,<\/em><\/p>\n\n\n\n<p>Poszukujemy nast\u0119puj\u0105ce osoby:<\/p>\n\n\n<p><a name=\"start\"><\/a><\/p>\n\n\n<ul><li><a href=\"#ofe_arch\" data-type=\"internal\" data-id=\"#ofe_arch\">Key Account Manager<\/a><\/li><\/ul>\n\n\n\n<p>Wy\u015blij swoje CV na adres info@carcharger24.com w tytule prosz\u0119 umie\u015b\u0107 nazw\u0119 stanowiska. Podczas rekrutacji mo\u017cemy wymaga\u0107 rozwi\u0105zania testu i\/lub zadania z obszaru z kt\u00f3rego aplikujesz.<\/p>\n\n\n\n<p><\/p>\n\n\n\n<p><\/p>\n\n\n\n<!--more-->\n\n\n<hr>\n\n\n<h3 id=\"elektoronik\">Key Account Manager<\/h3>\n\n\n<p><a name=\"ofe_arch\"><\/a><\/p>\n\n\n<p><strong>Zakres obowi\u0105zk\u00f3w:<\/strong><\/p>\n\n\n\n<ul><li>Prowadzenie dzia\u0142a\u0144 presales i sprzeda\u017cowe ,<\/li><li>Prowadzenie negocjacji z kontrahentami,<\/li><li>Przygotowywanie um\u00f3w i koordynacja ich realizacji,<\/li><li>Przygotowywanie dzia\u0142a\u0144 marketingowych i cenowych, akcji promocyjnych, udzia\u0142 w targach i konferencjach<\/li><\/ul>\n\n\n\n<ul><li>Uczestniczenie w spotkaniach i zebraniach zwi\u0105zanych z projektem&nbsp;&nbsp;&nbsp;&nbsp;&nbsp;&nbsp;&nbsp;&nbsp;&nbsp;&nbsp;&nbsp;&nbsp;&nbsp;&nbsp;&nbsp;&nbsp;&nbsp;&nbsp;&nbsp;&nbsp;&nbsp;&nbsp;&nbsp;&nbsp;&nbsp;&nbsp;&nbsp;&nbsp;&nbsp;&nbsp;&nbsp;&nbsp;&nbsp;&nbsp;&nbsp;&nbsp;&nbsp;&nbsp;&nbsp;&nbsp;&nbsp;&nbsp;<\/li><li>Wykonywanie innych prac wskazanych przez Pracodawc\u0119 zwi\u0105zanych z projektem&nbsp;&nbsp;&nbsp;<\/li><\/ul>\n\n\n\n<p><strong>Wymagania:<\/strong><\/p>\n\n\n\n<ul><li>Wykszta\u0142cenie wy\u017csze, <\/li><li>j\u0119zyk angielski min. B1<\/li><li>Wiedza na temat technik sprzeda\u017cowych<\/li><li>Podstawowa wiedza na temat obszaru elektro-mobilno\u015bci i o\u015bwietlenia<\/li><li>Do\u015bwiadczenie na podobnym stanowisku (>1 rok)<\/li><li>Mile widziane: do\u015bwiadczenie w bran\u017cy o\u015bwietleniowej lub elektro-mobilnej (preferowane b\u0119d\u0105 osoby posiadaj\u0105ce praktyczne do\u015bwiadczenie w obszarze sprzeda\u017cy)<\/li><li>Mile widziane: do\u015bwiadczenie w tworzeniu i promowaniu innowacyjnych rozwi\u0105za\u0144<\/li><\/ul>\n\n\n\n<p><strong>Oferujemy<\/strong>:<\/p>\n\n\n\n<ul><li>Praca zdalna<\/li><li>Elastyczne godziny pracy&nbsp;<\/li><\/ul>\n\n\n\n<p><a href=\"#start\" data-type=\"internal\" data-id=\"#start\">powr\u00f3t<\/a><\/p>\n\n\n\n<figure class=\"wp-block-image size-large is-resized\"><img loading=\"lazy\" src=\"https:\/\/carcharger24.com\/page\/wp-content\/uploads\/2024\/06\/FEPW_RP_UE_RGB-1-1024x146.jpg\" alt=\"\" class=\"wp-image-102\" width=\"698\" height=\"99\" srcset=\"https:\/\/carcharger24.com\/page\/wp-content\/uploads\/2024\/06\/FEPW_RP_UE_RGB-1-1024x146.jpg 1024w, https:\/\/carcharger24.com\/page\/wp-content\/uploads\/2024\/06\/FEPW_RP_UE_RGB-1-300x43.jpg 300w, https:\/\/carcharger24.com\/page\/wp-content\/uploads\/2024\/06\/FEPW_RP_UE_RGB-1-768x110.jpg 768w, https:\/\/carcharger24.com\/page\/wp-content\/uploads\/2024\/06\/FEPW_RP_UE_RGB-1-1536x219.jpg 1536w, https:\/\/carcharger24.com\/page\/wp-content\/uploads\/2024\/06\/FEPW_RP_UE_RGB-1-2048x292.jpg 2048w\" sizes=\"(max-width: 698px) 100vw, 698px\" \/><\/figure>\n","protected":false},"excerpt":{"rendered":"<p>W zwi\u0105zku z realizacj\u0105 projektu pt: \u201ePlatforma z\u0142o\u017cona ze stacji \u0142adowania samochod\u00f3w, sterownik\u00f3w o\u015bwietleniowych i kamery, dostosowuj\u0105ca moc \u0142adowania do potrzeb u\u017cytkownika i wykorzystuj\u0105ca w spos\u00f3b optymalny istniej\u0105ce przy\u0142\u0105cze energetyczne na podstawie algorytm\u00f3w predykcji i metryk ilo\u015bciowych pozyskanych z kamery, w oparciu o algorytmy sztucznej inteligencji\u201d oraz w ramach programu Fundusze Europejskie dla Polski Wschodniej<a class=\"read-more\" href=\"https:\/\/carcharger24.com\/page\/?page_id=39\"><br \/>-> Continue reading<span class=\"screen-reader-text\">  Aktualnie poszukujemy<\/span><\/a><\/p>\n","protected":false},"author":1,"featured_media":0,"parent":0,"menu_order":0,"comment_status":"closed","ping_status":"closed","template":"template-fullwidth.php","meta":[],"_links":{"self":[{"href":"https:\/\/carcharger24.com\/page\/index.php?rest_route=\/wp\/v2\/pages\/39"}],"collection":[{"href":"https:\/\/carcharger24.com\/page\/index.php?rest_route=\/wp\/v2\/pages"}],"about":[{"href":"https:\/\/carcharger24.com\/page\/index.php?rest_route=\/wp\/v2\/types\/page"}],"author":[{"embeddable":true,"href":"https:\/\/carcharger24.com\/page\/index.php?rest_route=\/wp\/v2\/users\/1"}],"replies":[{"embeddable":true,"href":"https:\/\/carcharger24.com\/page\/index.php?rest_route=%2Fwp%2Fv2%2Fcomments&post=39"}],"version-history":[{"count":8,"href":"https:\/\/carcharger24.com\/page\/index.php?rest_route=\/wp\/v2\/pages\/39\/revisions"}],"predecessor-version":[{"id":122,"href":"https:\/\/carcharger24.com\/page\/index.php?rest_route=\/wp\/v2\/pages\/39\/revisions\/122"}],"wp:attachment":[{"href":"https:\/\/carcharger24.com\/page\/index.php?rest_route=%2Fwp%2Fv2%2Fmedia&parent=39"}],"curies":[{"name":"wp","href":"https:\/\/api.w.org\/{rel}","templated":true}]}}